{"id":64,"date":"2022-06-06T19:54:46","date_gmt":"2022-06-06T17:54:46","guid":{"rendered":"https:\/\/serva83.com\/?page_id=64"},"modified":"2022-09-30T14:15:23","modified_gmt":"2022-09-30T12:15:23","slug":"actualites","status":"publish","type":"page","link":"https:\/\/serva83.com\/index.php\/actualites\/","title":{"rendered":"Actualit\u00e9s"},"content":{"rendered":"\n<figure class=\"wp-block-image size-large\"><img loading=\"lazy\" decoding=\"async\" width=\"1024\" height=\"768\" src=\"https:\/\/serva83.com\/wp-content\/uploads\/2022\/09\/1663592857127-1024x768.jpeg\" alt=\"\" class=\"wp-image-551\" srcset=\"https:\/\/serva83.com\/wp-content\/uploads\/2022\/09\/1663592857127-1024x768.jpeg 1024w, https:\/\/serva83.com\/wp-content\/uploads\/2022\/09\/1663592857127-300x225.jpeg 300w, https:\/\/serva83.com\/wp-content\/uploads\/2022\/09\/1663592857127-768x576.jpeg 768w, https:\/\/serva83.com\/wp-content\/uploads\/2022\/09\/1663592857127-1536x1151.jpeg 1536w, https:\/\/serva83.com\/wp-content\/uploads\/2022\/09\/1663592857127-1x1.jpeg 1w, https:\/\/serva83.com\/wp-content\/uploads\/2022\/09\/1663592857127.jpeg 2048w\" sizes=\"auto, (max-width: 1024px) 100vw, 1024px\" \/><\/figure>\n\n\n\n<p>L&#8217;Association SERVA a \u00e9t\u00e9 sollicit\u00e9e par les Laboratoires BEA du groupe CONDAT bas\u00e9s \u00e0 Forcalquier, pour mener \u00e0 bien une matin\u00e9e de ramassage et de caract\u00e9risation sur les berges de la ville de Vinon-sur-Verdon; et cela dans le cadre de la journ\u00e9e mondiale du nettoyage de notre plan\u00e8te : WORLD CLEANUP DAY 2022 <\/p>\n\n\n\n<p>Les r\u00e9sultats du ramassage sont disponibles sur la plateforme en ligne : https:\/\/www.remed-zero-plastique.org\/ <\/p>\n\n\n\n<p>Bravo \u00e0 tous les participants et b\u00e9n\u00e9voles SERVA ! <\/p>\n\n\n<div class=\"wp-block-image is-style-rounded\">\n<figure class=\"aligncenter size-full\"><img loading=\"lazy\" decoding=\"async\" width=\"619\" height=\"338\" src=\"https:\/\/serva83.com\/wp-content\/uploads\/2022\/09\/Capture-de\u0301cran-2022-09-15-a\u0300-15.46.19.png\" alt=\"\" class=\"wp-image-436\" srcset=\"https:\/\/serva83.com\/wp-content\/uploads\/2022\/09\/Capture-de\u0301cran-2022-09-15-a\u0300-15.46.19.png 619w, https:\/\/serva83.com\/wp-content\/uploads\/2022\/09\/Capture-de\u0301cran-2022-09-15-a\u0300-15.46.19-300x164.png 300w, https:\/\/serva83.com\/wp-content\/uploads\/2022\/09\/Capture-de\u0301cran-2022-09-15-a\u0300-15.46.19-1x1.png 1w\" sizes=\"auto, (max-width: 619px) 100vw, 619px\" \/><\/figure>\n<\/div>","protected":false},"excerpt":{"rendered":"<p>L&#8217;Association SERVA a \u00e9t\u00e9 sollicit\u00e9e par les Laboratoires BEA du groupe CONDAT bas\u00e9s \u00e0 Forcalquier, pour mener \u00e0 bien une matin\u00e9e de ramassage et de caract\u00e9risation sur les berges de la ville de Vinon-sur-Verdon; et cela dans le cadre de la journ\u00e9e mondiale du nettoyage de notre plan\u00e8te : WORLD CLEANUP DAY 2022 Les r\u00e9sultats [&hellip;]<\/p>\n","protected":false},"author":1,"featured_media":0,"parent":0,"menu_order":0,"comment_status":"closed","ping_status":"closed","template":"","meta":{"footnotes":""},"class_list":["post-64","page","type-page","status-publish","hentry"],"_links":{"self":[{"href":"https:\/\/serva83.com\/index.php\/wp-json\/wp\/v2\/pages\/64","targetHints":{"allow":["GET"]}}],"collection":[{"href":"https:\/\/serva83.com\/index.php\/wp-json\/wp\/v2\/pages"}],"about":[{"href":"https:\/\/serva83.com\/index.php\/wp-json\/wp\/v2\/types\/page"}],"author":[{"embeddable":true,"href":"https:\/\/serva83.com\/index.php\/wp-json\/wp\/v2\/users\/1"}],"replies":[{"embeddable":true,"href":"https:\/\/serva83.com\/index.php\/wp-json\/wp\/v2\/comments?post=64"}],"version-history":[{"count":4,"href":"https:\/\/serva83.com\/index.php\/wp-json\/wp\/v2\/pages\/64\/revisions"}],"predecessor-version":[{"id":553,"href":"https:\/\/serva83.com\/index.php\/wp-json\/wp\/v2\/pages\/64\/revisions\/553"}],"wp:attachment":[{"href":"https:\/\/serva83.com\/index.php\/wp-json\/wp\/v2\/media?parent=64"}],"curies":[{"name":"wp","href":"https:\/\/api.w.org\/{rel}","templated":true}]}}