{"id":60,"date":"2022-06-06T19:54:46","date_gmt":"2022-06-06T17:54:46","guid":{"rendered":"https:\/\/serva83.com\/?page_id=60"},"modified":"2022-10-03T16:45:37","modified_gmt":"2022-10-03T14:45:37","slug":"atelier-paysage","status":"publish","type":"page","link":"https:\/\/serva83.com\/index.php\/nos-projets\/atelier-paysage\/","title":{"rendered":"Atelier Paysage"},"content":{"rendered":"\n<figure class=\"wp-block-image size-full\"><img loading=\"lazy\" decoding=\"async\" width=\"820\" height=\"312\" src=\"https:\/\/serva83.com\/wp-content\/uploads\/2022\/10\/Untitled.jpeg\" alt=\"\" class=\"wp-image-583\" srcset=\"https:\/\/serva83.com\/wp-content\/uploads\/2022\/10\/Untitled.jpeg 820w, https:\/\/serva83.com\/wp-content\/uploads\/2022\/10\/Untitled-300x114.jpeg 300w, https:\/\/serva83.com\/wp-content\/uploads\/2022\/10\/Untitled-768x292.jpeg 768w, https:\/\/serva83.com\/wp-content\/uploads\/2022\/10\/Untitled-1x1.jpeg 1w\" sizes=\"auto, (max-width: 820px) 100vw, 820px\" \/><\/figure>\n\n\n\n<ul class=\"wp-block-list\"><li><strong>PROMENADES BOTANIQUES ET TOPONYMIQUES<\/strong><\/li><\/ul>\n\n\n\n<p>L&#8217;Atelier Paysage met en place des promenades botaniques et toponymiques permettant de<br>mieux conna\u00eetre ou de d\u00e9couvrir les noms des arbres, notamment ceux des arbres<br>remarquables, mais \u00e9galement, des plantes et des lieux que nous croisons au cours de nos balades autour d&#8217;Artignosc-sur-Verdon. <\/p>\n\n\n\n<p><\/p>\n\n\n\n<ul class=\"wp-block-list\"><li><strong>PARLEZ-NOUS DE VOS VEGETAUX !<\/strong><\/li><\/ul>\n\n\n\n<p>Racontez-nous votre \u00ab relations\u00bb avec votre jardin, vos arbres, vos plantes, vos jardini\u00e8res \u2026<br>Avez-vous des astuces en jardinage \u00e0 partager? <\/p>\n\n\n\n<p>Faites le nous savoir!  bureauserva@gmail.com<\/p>\n","protected":false},"excerpt":{"rendered":"<p>PROMENADES BOTANIQUES ET TOPONYMIQUES L&#8217;Atelier Paysage met en place des promenades botaniques et toponymiques permettant demieux conna\u00eetre ou de d\u00e9couvrir les noms des arbres, notamment ceux des arbresremarquables, mais \u00e9galement, des plantes et des lieux que nous croisons au cours de nos balades autour d&#8217;Artignosc-sur-Verdon. PARLEZ-NOUS DE VOS VEGETAUX ! Racontez-nous votre \u00ab relations\u00bb avec [&hellip;]<\/p>\n","protected":false},"author":1,"featured_media":0,"parent":46,"menu_order":0,"comment_status":"closed","ping_status":"closed","template":"","meta":{"footnotes":""},"class_list":["post-60","page","type-page","status-publish","hentry"],"_links":{"self":[{"href":"https:\/\/serva83.com\/index.php\/wp-json\/wp\/v2\/pages\/60","targetHints":{"allow":["GET"]}}],"collection":[{"href":"https:\/\/serva83.com\/index.php\/wp-json\/wp\/v2\/pages"}],"about":[{"href":"https:\/\/serva83.com\/index.php\/wp-json\/wp\/v2\/types\/page"}],"author":[{"embeddable":true,"href":"https:\/\/serva83.com\/index.php\/wp-json\/wp\/v2\/users\/1"}],"replies":[{"embeddable":true,"href":"https:\/\/serva83.com\/index.php\/wp-json\/wp\/v2\/comments?post=60"}],"version-history":[{"count":3,"href":"https:\/\/serva83.com\/index.php\/wp-json\/wp\/v2\/pages\/60\/revisions"}],"predecessor-version":[{"id":584,"href":"https:\/\/serva83.com\/index.php\/wp-json\/wp\/v2\/pages\/60\/revisions\/584"}],"up":[{"embeddable":true,"href":"https:\/\/serva83.com\/index.php\/wp-json\/wp\/v2\/pages\/46"}],"wp:attachment":[{"href":"https:\/\/serva83.com\/index.php\/wp-json\/wp\/v2\/media?parent=60"}],"curies":[{"name":"wp","href":"https:\/\/api.w.org\/{rel}","templated":true}]}}