{"id":50,"date":"2022-06-06T19:48:36","date_gmt":"2022-06-06T17:48:36","guid":{"rendered":"https:\/\/serva83.com\/?page_id=50"},"modified":"2022-09-15T16:05:13","modified_gmt":"2022-09-15T14:05:13","slug":"atelier-ecoverdon","status":"publish","type":"page","link":"https:\/\/serva83.com\/index.php\/nos-projets\/atelier-ecoverdon\/","title":{"rendered":"Atelier EcoVerdon"},"content":{"rendered":"\n<p>ATELIER ECO-VERDON : devenez un citoyen responsable par vos ACTIONS !<\/p>\n\n\n\n<p>L\u2019ACTION citoyenne et collective est au c\u0153ur de l\u2019Atelier ECO-VERDON. <\/p>\n\n\n\n<p><em>Serez-vous tent\u00e9 de devenir acteur de la pr\u00e9servation de votre environnement, en accomplissant des \u00e9cogestes dans la vie de tous les jours ?<\/em><\/p>\n\n\n\n<p><strong>MISSION COLLECTE ET VALORISATION DES MEGOTS <\/strong><\/p>\n\n\n\n<p><strong>ETAPE #1 : NOTRE VILLAGE <\/strong><br>La premi\u00e8re mission collective \u00e0 l\u2019\u00e9chelle du village sera la Collecte et la Valorisation de m\u00e9gots en local et en circuit court. Les m\u00e9gots collect\u00e9s fabriqueront de l\u2019\u00e9lectricit\u00e9 !<\/p>\n\n\n\n<p><br>Les objectifs de cette mission sont multiples :<\/p>\n\n\n\n<ul class=\"wp-block-list\"><li>r\u00e9duire la pr\u00e9sence des m\u00e9gots jet\u00e9s dans la poubelle d\u2019ordures m\u00e9nag\u00e8res<\/li><li>r\u00e9duire la pr\u00e9sence des m\u00e9gots jet\u00e9s de mani\u00e8re inappropri\u00e9e dans l\u2019espace public<\/li><li>collecter le maximum de m\u00e9gots<\/li><li>valoriser les m\u00e9gots : rejets polluants en dessous de la norme autoris\u00e9e<\/li><li>cr\u00e9er de l\u2019\u00e9lectricit\u00e9 avec les m\u00e9gots<\/li><li>participer \u00e0 la sensibilisation des d\u00e9parts de feux de for\u00eats par les m\u00e9gots<\/li><\/ul>\n\n\n\n<p><strong>ETAPE #2 : LE CAMPING L&#8217;AVELAN\u00c8DE <\/strong><\/p>\n\n\n\n<p>Nous sommes ravis de vous annoncer que cette mission continue et se d\u00e9veloppe avec le soutien et l&#8217;engagement du Camping l&#8217;Avelan\u00e8de \u00e0 Artignosc-sur-Verdon.<\/p>\n\n\n\n<p>C&#8217;est une premi\u00e8re exp\u00e9rience qui a d\u00e9but\u00e9 en avril a \u00e9t\u00e9 tr\u00e8s bien accueillie par les visiteurs du Camping.<\/p>\n\n\n\n<p>Gr\u00e2ce \u00e0 eux, les m\u00e9gots seront \u00e0 pr\u00e9sent collect\u00e9s dans un f\u00fbt de stockage et non jet\u00e9s au sol ou mis dans les poubelles d&#8217;ordures m\u00e9nag\u00e8res, qui elles sont destin\u00e9es \u00e0 l&#8217;enfouissement <img loading=\"lazy\" decoding=\"async\" height=\"16\" width=\"16\" src=\"https:\/\/static.xx.fbcdn.net\/images\/emoji.php\/v9\/tcb\/1\/16\/1f641.png\" alt=\"\ud83d\ude41\"><\/p>\n\n\n\n<p>Une belle action pour une belle saison qui commence &#8230; Encore merci \u00e0 Camille et Thibaut et \u00e0 tous leurs visiteurs de l&#8217;\u00e9t\u00e9 2022 !!<\/p>\n\n\n\n<figure class=\"wp-block-gallery has-nested-images columns-default is-cropped wp-block-gallery-1 is-layout-flex wp-block-gallery-is-layout-flex\">\n<figure class=\"wp-block-image size-large\"><img loading=\"lazy\" decoding=\"async\" width=\"600\" height=\"462\" data-id=\"442\" src=\"https:\/\/serva83.com\/wp-content\/uploads\/2022\/09\/ARTICLE-DE-PRESSE-CAMPING-SERVA.jpeg\" alt=\"\" class=\"wp-image-442\" srcset=\"https:\/\/serva83.com\/wp-content\/uploads\/2022\/09\/ARTICLE-DE-PRESSE-CAMPING-SERVA.jpeg 600w, https:\/\/serva83.com\/wp-content\/uploads\/2022\/09\/ARTICLE-DE-PRESSE-CAMPING-SERVA-300x231.jpeg 300w, https:\/\/serva83.com\/wp-content\/uploads\/2022\/09\/ARTICLE-DE-PRESSE-CAMPING-SERVA-1x1.jpeg 1w\" sizes=\"auto, (max-width: 600px) 100vw, 600px\" \/><\/figure>\n<\/figure>\n","protected":false},"excerpt":{"rendered":"<p>ATELIER ECO-VERDON : devenez un citoyen responsable par vos ACTIONS ! L\u2019ACTION citoyenne et collective est au c\u0153ur de l\u2019Atelier ECO-VERDON. Serez-vous tent\u00e9 de devenir acteur de la pr\u00e9servation de votre environnement, en accomplissant des \u00e9cogestes dans la vie de tous les jours ? MISSION COLLECTE ET VALORISATION DES MEGOTS ETAPE #1 : NOTRE VILLAGE [&hellip;]<\/p>\n","protected":false},"author":1,"featured_media":0,"parent":46,"menu_order":2,"comment_status":"closed","ping_status":"closed","template":"","meta":{"footnotes":""},"class_list":["post-50","page","type-page","status-publish","hentry"],"_links":{"self":[{"href":"https:\/\/serva83.com\/index.php\/wp-json\/wp\/v2\/pages\/50","targetHints":{"allow":["GET"]}}],"collection":[{"href":"https:\/\/serva83.com\/index.php\/wp-json\/wp\/v2\/pages"}],"about":[{"href":"https:\/\/serva83.com\/index.php\/wp-json\/wp\/v2\/types\/page"}],"author":[{"embeddable":true,"href":"https:\/\/serva83.com\/index.php\/wp-json\/wp\/v2\/users\/1"}],"replies":[{"embeddable":true,"href":"https:\/\/serva83.com\/index.php\/wp-json\/wp\/v2\/comments?post=50"}],"version-history":[{"count":5,"href":"https:\/\/serva83.com\/index.php\/wp-json\/wp\/v2\/pages\/50\/revisions"}],"predecessor-version":[{"id":443,"href":"https:\/\/serva83.com\/index.php\/wp-json\/wp\/v2\/pages\/50\/revisions\/443"}],"up":[{"embeddable":true,"href":"https:\/\/serva83.com\/index.php\/wp-json\/wp\/v2\/pages\/46"}],"wp:attachment":[{"href":"https:\/\/serva83.com\/index.php\/wp-json\/wp\/v2\/media?parent=50"}],"curies":[{"name":"wp","href":"https:\/\/api.w.org\/{rel}","templated":true}]}}