{"id":42,"date":"2022-06-06T19:45:57","date_gmt":"2022-06-06T17:45:57","guid":{"rendered":"https:\/\/serva83.com\/?page_id=42"},"modified":"2022-10-05T15:13:44","modified_gmt":"2022-10-05T13:13:44","slug":"mot-du-president","status":"publish","type":"page","link":"https:\/\/serva83.com\/index.php\/mot-du-president\/","title":{"rendered":"Mot du pr\u00e9sident"},"content":{"rendered":"\n<p>Je suis tr\u00e8s heureux de pouvoir vous accueillir sur notre site Internet. <\/p>\n\n\n\n<p>Je veux tout d&#8217;abord remercier Anne-Claire, ma fille, qui l&#8217;a r\u00e9alis\u00e9 b\u00e9n\u00e9volement en nous faisant de nombreuses propositions pour le rendre le plus agr\u00e9able et attrayant possible.<\/p>\n\n\n\n<p>Je remercie aussi les membres du Bureau et du Conseil d&#8217;Administration qui se sont investis dans<br>cette r\u00e9alisation et contribueront \u00e0 l&#8217;alimenter d\u00e8s maintenant.<\/p>\n\n\n\n<p>N&#8217;h\u00e9sitez pas \u00e0 vous y connecter r\u00e9guli\u00e8rement pour \u00eatre inform\u00e9s de nos r\u00e9alisations, de notre<br>actualit\u00e9 et de nos projets. Vos remarques, critiques et propositions seront les bienvenues car elles nous permettront de l&#8217;am\u00e9liorer peu \u00e0 peu pour le b\u00e9n\u00e9fice de tous.<br>N&#8217;h\u00e9sitez pas \u00e0 vous y inscrire pour nous suivre r\u00e9guli\u00e8rement et si vous l&#8217;appr\u00e9ciez \u00e0 le mentionner.<\/p>\n\n\n\n<p><br>Au plaisir donc de vous y retrouver tr\u00e8s souvent !<br>Dominique FICHTEN<\/p>\n\n\n\n<figure class=\"wp-block-image size-full is-resized\"><img loading=\"lazy\" decoding=\"async\" src=\"https:\/\/serva83.com\/wp-content\/uploads\/2022\/10\/DF-2022-05-15-1.jpg\" alt=\"\" class=\"wp-image-589\" width=\"204\" height=\"154\" srcset=\"https:\/\/serva83.com\/wp-content\/uploads\/2022\/10\/DF-2022-05-15-1.jpg 801w, https:\/\/serva83.com\/wp-content\/uploads\/2022\/10\/DF-2022-05-15-1-300x225.jpg 300w, https:\/\/serva83.com\/wp-content\/uploads\/2022\/10\/DF-2022-05-15-1-768x576.jpg 768w, https:\/\/serva83.com\/wp-content\/uploads\/2022\/10\/DF-2022-05-15-1-1x1.jpg 1w\" sizes=\"auto, (max-width: 204px) 100vw, 204px\" \/><\/figure>\n","protected":false},"excerpt":{"rendered":"<p>Je suis tr\u00e8s heureux de pouvoir vous accueillir sur notre site Internet. Je veux tout d&#8217;abord remercier Anne-Claire, ma fille, qui l&#8217;a r\u00e9alis\u00e9 b\u00e9n\u00e9volement en nous faisant de nombreuses propositions pour le rendre le plus agr\u00e9able et attrayant possible. Je remercie aussi les membres du Bureau et du Conseil d&#8217;Administration qui se sont investis danscette [&hellip;]<\/p>\n","protected":false},"author":1,"featured_media":0,"parent":0,"menu_order":0,"comment_status":"closed","ping_status":"closed","template":"","meta":{"footnotes":""},"class_list":["post-42","page","type-page","status-publish","hentry"],"_links":{"self":[{"href":"https:\/\/serva83.com\/index.php\/wp-json\/wp\/v2\/pages\/42","targetHints":{"allow":["GET"]}}],"collection":[{"href":"https:\/\/serva83.com\/index.php\/wp-json\/wp\/v2\/pages"}],"about":[{"href":"https:\/\/serva83.com\/index.php\/wp-json\/wp\/v2\/types\/page"}],"author":[{"embeddable":true,"href":"https:\/\/serva83.com\/index.php\/wp-json\/wp\/v2\/users\/1"}],"replies":[{"embeddable":true,"href":"https:\/\/serva83.com\/index.php\/wp-json\/wp\/v2\/comments?post=42"}],"version-history":[{"count":4,"href":"https:\/\/serva83.com\/index.php\/wp-json\/wp\/v2\/pages\/42\/revisions"}],"predecessor-version":[{"id":603,"href":"https:\/\/serva83.com\/index.php\/wp-json\/wp\/v2\/pages\/42\/revisions\/603"}],"wp:attachment":[{"href":"https:\/\/serva83.com\/index.php\/wp-json\/wp\/v2\/media?parent=42"}],"curies":[{"name":"wp","href":"https:\/\/api.w.org\/{rel}","templated":true}]}}