{"id":40,"date":"2022-06-06T19:45:24","date_gmt":"2022-06-06T17:45:24","guid":{"rendered":"https:\/\/serva83.com\/?page_id=40"},"modified":"2022-10-05T15:18:37","modified_gmt":"2022-10-05T13:18:37","slug":"historique","status":"publish","type":"page","link":"https:\/\/serva83.com\/index.php\/historique\/","title":{"rendered":"Historique"},"content":{"rendered":"\n<p>L&#8217;Association SERVA a \u00e9t\u00e9 cr\u00e9\u00e9e en r\u00e9action \u00e0 l&#8217;autorisation pr\u00e9fectorale d&#8217;\u00e9pandage des<br>Boues de la station d&#8217;Epuration de CARCES (3500 habitants) sur pr\u00e8s de 60 ha des communes<br>d&#8217;ARTIGNOSC et REGUSSE, autorisation donn\u00e9e pour une dur\u00e9e de trois ans et un volume<br>annuel de 800 tonnes. <\/p>\n\n\n\n<p>Cette autorisation a suscit\u00e9 un rejet quasi unanime de la population d&#8217;ARTIGNOSC puisque 275 habitants sur les 300 que comporte le village ont sign\u00e9 la p\u00e9tition que nous lui avions propos\u00e9e.<br>Notre Association avait engag\u00e9 un recours aupr\u00e8s du Tribunal Administratif de Toulon<br>contre la Pr\u00e9fecture du Var, la loi de 1998 ne semblant pas avoir \u00e9t\u00e9 respect\u00e9e en mati\u00e8re<br>d&#8217;information.<br>Suite au retrait de l&#8217;agriculteur sur les terres de qui devaient \u00eatre r\u00e9alis\u00e9s ces \u00e9pandages, ils<br>n&#8217;ont pas \u00e9t\u00e9 r\u00e9alis\u00e9s. La proc\u00e9dure engag\u00e9e devant le Tribunal Administratif de Toulon<br>reste pendante et n&#8217;a pas \u00e9volu\u00e9 depuis trois ans.<br>A ce jour, l&#8217;autorisation n&#8217;est plus valable et le recours aupr\u00e8s du Tribunal Administratif n&#8217;a<br>pas \u00e9volu\u00e9. Il nous est permis de penser qu&#8217;aucune suite ne sera maintenant donn\u00e9e \u00e0 notre<br>recours, l&#8217;essentiel \u00e9tant que ces \u00e9pandages soient abandonn\u00e9s.<br>Cette autorisation avait montr\u00e9 les risques encourus pour notre qualit\u00e9 de vie, ces d\u00e9cisions<br>\u00e9tant prises sans aucune concertation : les \u00e9pandages devaient par exemple \u00eatre r\u00e9alis\u00e9s sur<br>des terrains proches des sources alimentant la fontaine et diff\u00e9rents points d&#8217;eau dans le<br>village.<br>La cr\u00e9ation d&#8217;une association permettant de suivre ces risques s&#8217;est alors r\u00e9v\u00e9l\u00e9e n\u00e9cessaire.<br>Cr\u00e9\u00e9e en novembre 2018, elle regroupe actuellement plus de 80 adh\u00e9rents.<br>Elle est dirig\u00e9e par un <a href=\"https:\/\/serva83.com\/index.php\/lassociation\/bureau-de-lassociation\/\">Bureau<\/a> et un <a href=\"https:\/\/serva83.com\/index.php\/lassociation\/conseil-dadministration-de-lassociation\/\">Conseil d&#8217;Administration<\/a>.<br><\/p>\n\n\n\n<p>Outre notre action pour obtenir l&#8217;annulation de l&#8217;autorisation d&#8217;\u00e9pandage des Boues, nous<br>avons mis en place ou pr\u00e9vu des ateliers de r\u00e9flexions et d&#8217;actions sur les th\u00e8mes suivants :<\/p>\n\n\n\n<p>\uf0b7 Les pratiques \u00e9co-responsables\u00a0chez soi: tri s\u00e9lectif des d\u00e9chets, tendre vers le z\u00e9ro<br>d\u00e9chet, fabrication de produits m\u00e9nagers \u2018fait-maison\u2019, ramassage des d\u00e9chets<br>abandonn\u00e9s \u2026<\/p>\n\n\n\n<p><\/p>\n\n\n\n<p>\uf0b7 Les \u00e9co-gestes citoyens et collectifs dans notre environnement ext\u00e9rieur : engager<br>le village, le camping l\u2019Avelan\u00e8de et le Centre \u00e9questre Les Chevaux du Verdon dans<br>la collecte des m\u00e9gots en vue de leur valorisation en \u00e9lectricit\u00e9, mettre en place un<br>composteur partag\u00e9 pour le village, mettre en place un jardin partag\u00e9, sensibiliser sur<br>la loi AGEC et aider \u00e0 l\u2019apprentissage du compostage et du lombricompostage \u2026<\/p>\n\n\n\n<p><br>\uf0b7 Les paysages : mieux connaitre notre environnement pour le pr\u00e9server, apprendre \u00e0<br>mieux le sauvegarder en partageant au plus grand nombre ses caract\u00e9ristiques et son<br>histoire, mettre en place des petites r\u00e9fections pour r\u00e9tablir un paysage d\u2019origine \u2026<\/p>\n\n\n\n<p><br>\uf0b7 Le bulletin d&#8217;information &#8220;La B\u00e9lugue&#8221; : il est \u00e9dit\u00e9 trois fois par an.<\/p>\n\n\n\n<p><br>Notre Association a particip\u00e9 aux r\u00e9unions devant conduire \u00e0 la d\u00e9finition de la Nouvelle<br>Charte du Parc Naturel R\u00e9gional du Verdon pour la p\u00e9riode 2023-2038 .<\/p>\n\n\n\n<p>Elle repr\u00e9sente aussi l&#8217;Union de la Vie et de la Nature, France Environnement 83, f\u00e9d\u00e9ration<br>reconnue d&#8217;Utilit\u00e9 Publique aupr\u00e8s de trois Comit\u00e9s de Suivi du Parc Naturel R\u00e9gional<br>du Verdon :<br>\uf0b7 le Comit\u00e9 de Suivi APPB APRON<br>\uf0b7 le Comit\u00e9 de Pilotage du Grand Canyon et du Plateau de la Palud<br>\uf0b7 le Comit\u00e9 de Pilotage des Basses Gorges du Verdon.<\/p>\n\n\n\n<p><br>Notre association repr\u00e9sente \u00e9galement l&#8217;UDVN-FNE 83 au Comit\u00e9 de Pilotage Natura 2000<br>de la for\u00eat de Palayson et du Rouet.<\/p>\n\n\n\n<p><br>Enfin, nous participons au r\u00e9seau des Sentinelles de la Nature mis en place par France<br>Nature Environnement Provence Alpes C\u00f4te d&#8217;Azur .<\/p>\n","protected":false},"excerpt":{"rendered":"<p>L&#8217;Association SERVA a \u00e9t\u00e9 cr\u00e9\u00e9e en r\u00e9action \u00e0 l&#8217;autorisation pr\u00e9fectorale d&#8217;\u00e9pandage desBoues de la station d&#8217;Epuration de CARCES (3500 habitants) sur pr\u00e8s de 60 ha des communesd&#8217;ARTIGNOSC et REGUSSE, autorisation donn\u00e9e pour une dur\u00e9e de trois ans et un volumeannuel de 800 tonnes. Cette autorisation a suscit\u00e9 un rejet quasi unanime de la population d&#8217;ARTIGNOSC [&hellip;]<\/p>\n","protected":false},"author":1,"featured_media":0,"parent":0,"menu_order":0,"comment_status":"closed","ping_status":"closed","template":"","meta":{"footnotes":""},"class_list":["post-40","page","type-page","status-publish","hentry"],"_links":{"self":[{"href":"https:\/\/serva83.com\/index.php\/wp-json\/wp\/v2\/pages\/40","targetHints":{"allow":["GET"]}}],"collection":[{"href":"https:\/\/serva83.com\/index.php\/wp-json\/wp\/v2\/pages"}],"about":[{"href":"https:\/\/serva83.com\/index.php\/wp-json\/wp\/v2\/types\/page"}],"author":[{"embeddable":true,"href":"https:\/\/serva83.com\/index.php\/wp-json\/wp\/v2\/users\/1"}],"replies":[{"embeddable":true,"href":"https:\/\/serva83.com\/index.php\/wp-json\/wp\/v2\/comments?post=40"}],"version-history":[{"count":4,"href":"https:\/\/serva83.com\/index.php\/wp-json\/wp\/v2\/pages\/40\/revisions"}],"predecessor-version":[{"id":606,"href":"https:\/\/serva83.com\/index.php\/wp-json\/wp\/v2\/pages\/40\/revisions\/606"}],"wp:attachment":[{"href":"https:\/\/serva83.com\/index.php\/wp-json\/wp\/v2\/media?parent=40"}],"curies":[{"name":"wp","href":"https:\/\/api.w.org\/{rel}","templated":true}]}}