{"id":1233,"date":"2023-03-06T13:13:15","date_gmt":"2023-03-06T12:13:15","guid":{"rendered":"https:\/\/serva83.com\/?page_id=1233"},"modified":"2024-02-11T21:47:11","modified_gmt":"2024-02-11T20:47:11","slug":"pv-assemblee-generale","status":"publish","type":"page","link":"https:\/\/serva83.com\/index.php\/lassociation\/pv-assemblee-generale\/","title":{"rendered":"PV Assembl\u00e9e G\u00e9n\u00e9rale"},"content":{"rendered":"\n<div data-wp-interactive=\"core\/file\" class=\"wp-block-file\"><object data-wp-bind--hidden=\"!state.hasPdfPreview\" hidden class=\"wp-block-file__embed\" data=\"https:\/\/serva83.com\/wp-content\/uploads\/2023\/03\/PV-AG-28-01-2023.pdf\" type=\"application\/pdf\" style=\"width:100%;height:600px\" aria-label=\"Embed of PV-AG-28-01-2023.\"><\/object><a id=\"wp-block-file--media-c415ce35-bcab-4583-a082-14d85fc115a2\" href=\"https:\/\/serva83.com\/wp-content\/uploads\/2023\/03\/PV-AG-28-01-2023.pdf\">PV-AG-28-01-2023<\/a><a href=\"https:\/\/serva83.com\/wp-content\/uploads\/2023\/03\/PV-AG-28-01-2023.pdf\" class=\"wp-block-file__button wp-element-button\" download aria-describedby=\"wp-block-file--media-c415ce35-bcab-4583-a082-14d85fc115a2\">Download<\/a><\/div>\n\n\n\n<div data-wp-interactive=\"core\/file\" class=\"wp-block-file\"><object data-wp-bind--hidden=\"!state.hasPdfPreview\" hidden class=\"wp-block-file__embed\" data=\"https:\/\/serva83.com\/wp-content\/uploads\/2023\/03\/PV-AG-28-01-2023.pdf\" type=\"application\/pdf\" style=\"width:100%;height:600px\" aria-label=\"Embed of PV-AG-28-01-2023.\"><\/object><a id=\"wp-block-file--media-c415ce35-bcab-4583-a082-14d85fc115a2\" href=\"https:\/\/serva83.com\/wp-content\/uploads\/2023\/03\/PV-AG-28-01-2023.pdf\">PV-AG-28-01-2023<\/a><a href=\"https:\/\/serva83.com\/wp-content\/uploads\/2023\/03\/PV-AG-28-01-2023.pdf\" class=\"wp-block-file__button wp-element-button\" download aria-describedby=\"wp-block-file--media-c415ce35-bcab-4583-a082-14d85fc115a2\">Download<\/a><\/div>\n\n\n\n<p>PV AG 03 02 2024<\/p>\n\n\n\n<div data-wp-interactive=\"core\/file\" class=\"wp-block-file\"><object data-wp-bind--hidden=\"!state.hasPdfPreview\" hidden class=\"wp-block-file__embed\" data=\"https:\/\/serva83.com\/wp-content\/uploads\/2024\/02\/AG-03-02-2024.pdf\" type=\"application\/pdf\" style=\"width:100%;height:600px\" aria-label=\"Embed of AG-03-02-2024.\"><\/object><a id=\"wp-block-file--media-fe7c9f0f-92ba-48ee-9d8b-7e2a2c4e4e35\" href=\"https:\/\/serva83.com\/wp-content\/uploads\/2024\/02\/AG-03-02-2024.pdf\">AG-03-02-2024<\/a><a href=\"https:\/\/serva83.com\/wp-content\/uploads\/2024\/02\/AG-03-02-2024.pdf\" class=\"wp-block-file__button wp-element-button\" download aria-describedby=\"wp-block-file--media-fe7c9f0f-92ba-48ee-9d8b-7e2a2c4e4e35\">Download<\/a><\/div>\n","protected":false},"excerpt":{"rendered":"<p>PV AG 03 02 2024<\/p>\n","protected":false},"author":1,"featured_media":0,"parent":74,"menu_order":0,"comment_status":"closed","ping_status":"closed","template":"","meta":{"footnotes":""},"class_list":["post-1233","page","type-page","status-publish","hentry"],"_links":{"self":[{"href":"https:\/\/serva83.com\/index.php\/wp-json\/wp\/v2\/pages\/1233","targetHints":{"allow":["GET"]}}],"collection":[{"href":"https:\/\/serva83.com\/index.php\/wp-json\/wp\/v2\/pages"}],"about":[{"href":"https:\/\/serva83.com\/index.php\/wp-json\/wp\/v2\/types\/page"}],"author":[{"embeddable":true,"href":"https:\/\/serva83.com\/index.php\/wp-json\/wp\/v2\/users\/1"}],"replies":[{"embeddable":true,"href":"https:\/\/serva83.com\/index.php\/wp-json\/wp\/v2\/comments?post=1233"}],"version-history":[{"count":3,"href":"https:\/\/serva83.com\/index.php\/wp-json\/wp\/v2\/pages\/1233\/revisions"}],"predecessor-version":[{"id":1761,"href":"https:\/\/serva83.com\/index.php\/wp-json\/wp\/v2\/pages\/1233\/revisions\/1761"}],"up":[{"embeddable":true,"href":"https:\/\/serva83.com\/index.php\/wp-json\/wp\/v2\/pages\/74"}],"wp:attachment":[{"href":"https:\/\/serva83.com\/index.php\/wp-json\/wp\/v2\/media?parent=1233"}],"curies":[{"name":"wp","href":"https:\/\/api.w.org\/{rel}","templated":true}]}}