{"id":110,"date":"2022-07-12T14:27:51","date_gmt":"2022-07-12T12:27:51","guid":{"rendered":"https:\/\/serva83.com\/?page_id=110"},"modified":"2022-10-03T15:55:41","modified_gmt":"2022-10-03T13:55:41","slug":"bureau-de-lassociation","status":"publish","type":"page","link":"https:\/\/serva83.com\/index.php\/lassociation\/bureau-de-lassociation\/","title":{"rendered":"Bureau de l&#8217;association"},"content":{"rendered":"\n<p>Le Bureau de l&#8217;Association SERVA est compos\u00e9 actuellement de 4 personnes. Sous la pr\u00e9sidence de Dominique FICHTEN depuis le novembre 2018, ses membres assurent la coh\u00e9rence des actions propos\u00e9es et leur lien avec le territoire<\/p>\n\n\n\n<figure class=\"wp-block-image size-full is-resized\"><img loading=\"lazy\" decoding=\"async\" src=\"https:\/\/serva83.com\/wp-content\/uploads\/2022\/10\/Pres-Conseil-.jpg\" alt=\"\" class=\"wp-image-579\" width=\"840\" height=\"630\" srcset=\"https:\/\/serva83.com\/wp-content\/uploads\/2022\/10\/Pres-Conseil-.jpg 1024w, https:\/\/serva83.com\/wp-content\/uploads\/2022\/10\/Pres-Conseil--300x225.jpg 300w, https:\/\/serva83.com\/wp-content\/uploads\/2022\/10\/Pres-Conseil--768x576.jpg 768w, https:\/\/serva83.com\/wp-content\/uploads\/2022\/10\/Pres-Conseil--1x1.jpg 1w\" sizes=\"auto, (max-width: 840px) 100vw, 840px\" \/><\/figure>\n\n\n\n<p><strong>PRESIDENT <\/strong><\/p>\n\n\n\n<p>Dominique FICHTEN 2018 &#8211; 2019 &#8211; 2020 &#8211; 2021 &#8211; 2022 <\/p>\n\n\n\n<p><\/p>\n\n\n\n<p><strong>VICE PRESIDENT<\/strong><\/p>\n\n\n\n<p>Daniel DAUMAS : 2018 &#8211; 2019 <\/p>\n\n\n\n<p>S\u00e9bastien FLAMENT: 2020 -2021 &#8211; 2022 <\/p>\n\n\n\n<p><\/p>\n\n\n\n<p><strong>SECRETAIRE<\/strong><\/p>\n\n\n\n<p>Rose CINCIONE : 2018 &#8211; 2019 &#8211; 2020 &#8211; 2021 &#8211; 2022<\/p>\n\n\n\n<p><strong>VICE SECRETAIRE <\/strong><\/p>\n\n\n\n<p>Jacques HUMBERT: 2018 &#8211; 2019 &#8211; 2020 <\/p>\n\n\n\n<p><\/p>\n\n\n\n<p><strong>TRESORIER <\/strong><\/p>\n\n\n\n<p>Anne-C\u00e9cile dell&#8217;AQUILA: 2018 &#8211; 2019 &#8211; 2020 &#8211; 2021 &#8211; 2022<\/p>\n\n\n\n<p><strong>VICE TRESORIER <\/strong><\/p>\n\n\n\n<p>Michel STEPIEN : 2018 &#8211; 2019 &#8211; 2020<\/p>\n\n\n\n<p><\/p>\n","protected":false},"excerpt":{"rendered":"<p>Le Bureau de l&#8217;Association SERVA est compos\u00e9 actuellement de 4 personnes. Sous la pr\u00e9sidence de Dominique FICHTEN depuis le novembre 2018, ses membres assurent la coh\u00e9rence des actions propos\u00e9es et leur lien avec le territoire PRESIDENT Dominique FICHTEN 2018 &#8211; 2019 &#8211; 2020 &#8211; 2021 &#8211; 2022 VICE PRESIDENT Daniel DAUMAS : 2018 &#8211; 2019 [&hellip;]<\/p>\n","protected":false},"author":2,"featured_media":0,"parent":74,"menu_order":0,"comment_status":"closed","ping_status":"closed","template":"","meta":{"footnotes":""},"class_list":["post-110","page","type-page","status-publish","hentry"],"_links":{"self":[{"href":"https:\/\/serva83.com\/index.php\/wp-json\/wp\/v2\/pages\/110","targetHints":{"allow":["GET"]}}],"collection":[{"href":"https:\/\/serva83.com\/index.php\/wp-json\/wp\/v2\/pages"}],"about":[{"href":"https:\/\/serva83.com\/index.php\/wp-json\/wp\/v2\/types\/page"}],"author":[{"embeddable":true,"href":"https:\/\/serva83.com\/index.php\/wp-json\/wp\/v2\/users\/2"}],"replies":[{"embeddable":true,"href":"https:\/\/serva83.com\/index.php\/wp-json\/wp\/v2\/comments?post=110"}],"version-history":[{"count":5,"href":"https:\/\/serva83.com\/index.php\/wp-json\/wp\/v2\/pages\/110\/revisions"}],"predecessor-version":[{"id":580,"href":"https:\/\/serva83.com\/index.php\/wp-json\/wp\/v2\/pages\/110\/revisions\/580"}],"up":[{"embeddable":true,"href":"https:\/\/serva83.com\/index.php\/wp-json\/wp\/v2\/pages\/74"}],"wp:attachment":[{"href":"https:\/\/serva83.com\/index.php\/wp-json\/wp\/v2\/media?parent=110"}],"curies":[{"name":"wp","href":"https:\/\/api.w.org\/{rel}","templated":true}]}}