{"id":107,"date":"2022-07-12T14:25:17","date_gmt":"2022-07-12T12:25:17","guid":{"rendered":"https:\/\/serva83.com\/?page_id=107"},"modified":"2022-09-16T13:19:47","modified_gmt":"2022-09-16T11:19:47","slug":"conseil-dadministration-de-lassociation","status":"publish","type":"page","link":"https:\/\/serva83.com\/index.php\/lassociation\/conseil-dadministration-de-lassociation\/","title":{"rendered":"Conseil d&#8217;administration de l&#8217;association"},"content":{"rendered":"\n<p>L&#8217;\u00e9quipe du Conseil d&#8217;Administration, en plus des <a href=\"https:\/\/serva83.com\/index.php\/lassociation\/bureau-de-lassociation\/\">membres du bureau<\/a>, \u00e9volue en fonction des projets et des disponibilit\u00e9s de chacun. Elle permet un dynamisme au sein de l&#8217;\u00e9quipe et un renouvellement dans nos projets. <\/p>\n\n\n\n<p>2022 : Agnes BARATTERO, Camille THUILLIEZ, Jacques HUMBERT, Michel STEPIEN, Bernard de WACHTER<\/p>\n\n\n\n<p>2021 : Agnes BARATTERO, Marie-France DRAUSSIN, Michel STEPIEN, Bernard de WACHTER<\/p>\n\n\n\n<p>2020 : Agnes BARATTERO, Marie-France DRAUSSIN, Pascale SOL\u00c9, Michel STEPIEN, Bernard de WACHTER<\/p>\n\n\n\n<p>Marie-France DRAUSSIN, Agnes, BARATTERO, Jacques HUMBERT, Michel STEPIEN, Bernard de WACHTER<\/p>\n\n\n\n<p>2020 : Agnes BARATTERO, Marie-France DRAUSSIN, Pascale SOL\u00c9, Michel STEPIEN, Bernard de WACHTER<\/p>\n\n\n\n<p>2019 : Sylvie ALES, Agnes BARATTERO, Jacques AMBHIEL, Pascale SOL\u00c9, Michel STEPIEN<\/p>\n\n\n\n<p>2018 : Sylvie ALES, Agnes BARATTERO, Jacques AMBHIEL, Michel STEPIEN<\/p>\n","protected":false},"excerpt":{"rendered":"<p>L&#8217;\u00e9quipe du Conseil d&#8217;Administration, en plus des membres du bureau, \u00e9volue en fonction des projets et des disponibilit\u00e9s de chacun. Elle permet un dynamisme au sein de l&#8217;\u00e9quipe et un renouvellement dans nos projets. 2022 : Agnes BARATTERO, Camille THUILLIEZ, Jacques HUMBERT, Michel STEPIEN, Bernard de WACHTER 2021 : Agnes BARATTERO, Marie-France DRAUSSIN, Michel STEPIEN, [&hellip;]<\/p>\n","protected":false},"author":1,"featured_media":0,"parent":74,"menu_order":0,"comment_status":"closed","ping_status":"closed","template":"","meta":{"footnotes":""},"class_list":["post-107","page","type-page","status-publish","hentry"],"_links":{"self":[{"href":"https:\/\/serva83.com\/index.php\/wp-json\/wp\/v2\/pages\/107","targetHints":{"allow":["GET"]}}],"collection":[{"href":"https:\/\/serva83.com\/index.php\/wp-json\/wp\/v2\/pages"}],"about":[{"href":"https:\/\/serva83.com\/index.php\/wp-json\/wp\/v2\/types\/page"}],"author":[{"embeddable":true,"href":"https:\/\/serva83.com\/index.php\/wp-json\/wp\/v2\/users\/1"}],"replies":[{"embeddable":true,"href":"https:\/\/serva83.com\/index.php\/wp-json\/wp\/v2\/comments?post=107"}],"version-history":[{"count":3,"href":"https:\/\/serva83.com\/index.php\/wp-json\/wp\/v2\/pages\/107\/revisions"}],"predecessor-version":[{"id":461,"href":"https:\/\/serva83.com\/index.php\/wp-json\/wp\/v2\/pages\/107\/revisions\/461"}],"up":[{"embeddable":true,"href":"https:\/\/serva83.com\/index.php\/wp-json\/wp\/v2\/pages\/74"}],"wp:attachment":[{"href":"https:\/\/serva83.com\/index.php\/wp-json\/wp\/v2\/media?parent=107"}],"curies":[{"name":"wp","href":"https:\/\/api.w.org\/{rel}","templated":true}]}}